{"id":1124,"date":"2025-10-01T21:13:32","date_gmt":"2025-10-02T01:13:32","guid":{"rendered":"https:\/\/vitresautoexpress.com\/services-en\/mobile-service\/"},"modified":"2026-03-25T13:13:04","modified_gmt":"2026-03-25T17:13:04","slug":"mobile-service","status":"publish","type":"page","link":"https:\/\/vitresautoexpress.com\/en\/services-en\/mobile-service\/","title":{"rendered":"Mobile Service"},"content":{"rendered":"\t\t<div data-elementor-type=\"wp-page\" data-elementor-id=\"1124\" class=\"elementor elementor-1124 elementor-404\" data-elementor-post-type=\"page\">\n\t\t\t\t<div class=\"elementor-element elementor-element-3b2c4ce e-flex e-con-boxed e-con e-parent\" data-id=\"3b2c4ce\" data-element_type=\"container\" data-e-type=\"container\" data-settings=\"{&quot;background_background&quot;:&quot;classic&quot;,&quot;jet_parallax_layout_list&quot;:[]}\">\n\t\t\t\t\t<div class=\"e-con-inner\">\n\t\t\t\t<div class=\"elementor-element elementor-element-acf08cd elementor-widget elementor-widget-spacer\" data-id=\"acf08cd\" data-element_type=\"widget\" data-e-type=\"widget\" data-widget_type=\"spacer.default\">\n\t\t\t\t\t\t\t<div class=\"elementor-spacer\">\n\t\t\t<div class=\"elementor-spacer-inner\"><\/div>\n\t\t<\/div>\n\t\t\t\t\t\t<\/div>\n\t\t<div class=\"elementor-element elementor-element-e1d6e3c e-con-full e-flex e-con e-child\" data-id=\"e1d6e3c\" data-element_type=\"container\" data-e-type=\"container\" data-settings=\"{&quot;jet_parallax_layout_list&quot;:[]}\">\n\t\t\t\t<div class=\"elementor-element elementor-element-86f3ff7 elementor-invisible elementor-widget elementor-widget-heading\" data-id=\"86f3ff7\" data-element_type=\"widget\" data-e-type=\"widget\" data-settings=\"{&quot;_animation&quot;:&quot;fadeInUp&quot;}\" data-widget_type=\"heading.default\">\n\t\t\t\t\t<h2 class=\"elementor-heading-title elementor-size-default\">We Come to You<\/h2>\t\t\t\t<\/div>\n\t\t\t\t<div class=\"elementor-element elementor-element-e67b21c jedv-enabled--yes elementor-invisible elementor-widget elementor-widget-heading\" data-id=\"e67b21c\" data-element_type=\"widget\" data-e-type=\"widget\" data-settings=\"{&quot;_animation&quot;:&quot;fadeInUp&quot;}\" data-widget_type=\"heading.default\">\n\t\t\t\t\t<h4 class=\"elementor-heading-title elementor-size-default\"><p>Mobile Auto-Glass Repair &amp; Replacement \u2014 Serving Gatineau and Surrounding Areas<\/p>\n<\/h4>\t\t\t\t<\/div>\n\t\t\t\t<\/div>\n\t\t\t\t\t<\/div>\n\t\t\t\t<\/div>\n\t\t<div class=\"elementor-element elementor-element-58beb37 e-flex e-con-boxed e-con e-parent\" data-id=\"58beb37\" data-element_type=\"container\" data-e-type=\"container\" data-settings=\"{&quot;jet_parallax_layout_list&quot;:[]}\">\n\t\t\t\t\t<div class=\"e-con-inner\">\n\t\t<div class=\"elementor-element elementor-element-7e18b7c e-con-full e-flex e-con e-child\" data-id=\"7e18b7c\" data-element_type=\"container\" data-e-type=\"container\" data-settings=\"{&quot;jet_parallax_layout_list&quot;:[]}\">\n\t\t\t\t<div class=\"elementor-element elementor-element-61f3589 elementor-widget elementor-widget-text-editor\" data-id=\"61f3589\" data-element_type=\"widget\" data-e-type=\"widget\" data-widget_type=\"text-editor.default\">\n\t\t\t\t\t\t\t\t\t<p>At Vitres D\u2019Auto Express, we understand how inconvenient it can be to have a damaged windshield or auto glass. That\u2019s why we offer a mobile repair and replacement service for automotive glass in Gatineau and surrounding areas \u2014 free of charge within the local area.<br> Whether you\u2019re at home, at work, or elsewhere nearby, we come directly to you! C\u2019est pourquoi nous vous offrons un service mobile de r\u00e9paration et remplacement de vitres automobiles \u00e0 Gatineau et ses environs, sans frais suppl\u00e9mentaires. Que vous soyez \u00e0 la maison, au travail ou ailleurs, nous venons directement \u00e0 vous ! <\/p>\n<p><strong>A Convenient, Fast and Hassle-Free Service<\/strong><br>With our mobile service, you don\u2019t need to travel. We adapt to your schedule and provide fast, flexible appointments to get you back on the road as soon as possible.<br>Our expert technicians arrive at your location fully equipped to complete the job quickly and efficiently.  <\/p>\n\t\t\t\t\t\t\t\t<\/div>\n\t\t<div class=\"elementor-element elementor-element-c92130a e-con-full e-flex e-con e-child\" data-id=\"c92130a\" data-element_type=\"container\" data-e-type=\"container\" data-settings=\"{&quot;background_background&quot;:&quot;classic&quot;,&quot;jet_parallax_layout_list&quot;:[]}\">\n\t\t\t\t<div class=\"elementor-element elementor-element-ae3fd30 elementor-widget elementor-widget-jet-listing-grid\" data-id=\"ae3fd30\" data-element_type=\"widget\" data-e-type=\"widget\" data-settings=\"{&quot;columns&quot;:&quot;1&quot;}\" data-widget_type=\"jet-listing-grid.default\">\n\t\t\t\t\t<div class=\"jet-listing-grid jet-listing\"><div class=\"jet-listing-grid__items grid-col-desk-1 grid-col-tablet-1 grid-col-mobile-1 jet-listing-grid--408 grid-collapse-gap\" data-queried-id=\"1124|WP_Post\" data-nav=\"{&quot;enabled&quot;:false,&quot;type&quot;:null,&quot;more_el&quot;:null,&quot;query&quot;:[],&quot;widget_settings&quot;:{&quot;lisitng_id&quot;:408,&quot;posts_num&quot;:6,&quot;columns&quot;:1,&quot;columns_tablet&quot;:1,&quot;columns_mobile&quot;:1,&quot;column_min_width&quot;:240,&quot;column_min_width_tablet&quot;:240,&quot;column_min_width_mobile&quot;:240,&quot;inline_columns_css&quot;:false,&quot;is_archive_template&quot;:&quot;&quot;,&quot;post_status&quot;:[&quot;publish&quot;],&quot;use_random_posts_num&quot;:&quot;&quot;,&quot;max_posts_num&quot;:9,&quot;not_found_message&quot;:&quot;No data was found&quot;,&quot;is_masonry&quot;:false,&quot;equal_columns_height&quot;:&quot;&quot;,&quot;use_load_more&quot;:&quot;&quot;,&quot;load_more_id&quot;:&quot;&quot;,&quot;load_more_type&quot;:&quot;click&quot;,&quot;load_more_offset&quot;:{&quot;unit&quot;:&quot;px&quot;,&quot;size&quot;:0,&quot;sizes&quot;:[]},&quot;use_custom_post_types&quot;:&quot;&quot;,&quot;custom_post_types&quot;:[],&quot;hide_widget_if&quot;:&quot;&quot;,&quot;carousel_enabled&quot;:&quot;&quot;,&quot;slides_to_scroll&quot;:&quot;1&quot;,&quot;arrows&quot;:&quot;true&quot;,&quot;arrow_icon&quot;:&quot;fa fa-angle-left&quot;,&quot;dots&quot;:&quot;&quot;,&quot;autoplay&quot;:&quot;true&quot;,&quot;pause_on_hover&quot;:&quot;true&quot;,&quot;autoplay_speed&quot;:5000,&quot;infinite&quot;:&quot;true&quot;,&quot;center_mode&quot;:&quot;&quot;,&quot;effect&quot;:&quot;slide&quot;,&quot;speed&quot;:500,&quot;inject_alternative_items&quot;:&quot;&quot;,&quot;injection_items&quot;:[],&quot;scroll_slider_enabled&quot;:&quot;&quot;,&quot;scroll_slider_on&quot;:[&quot;desktop&quot;,&quot;tablet&quot;,&quot;mobile&quot;],&quot;custom_query&quot;:false,&quot;custom_query_id&quot;:&quot;&quot;,&quot;_element_id&quot;:&quot;&quot;,&quot;collapse_first_last_gap&quot;:&quot;true&quot;,&quot;list_tag_selection&quot;:&quot;&quot;,&quot;list_items_wrapper_tag&quot;:&quot;div&quot;,&quot;list_item_tag&quot;:&quot;div&quot;,&quot;empty_items_wrapper_tag&quot;:&quot;div&quot;}}\" data-page=\"1\" data-pages=\"1\" data-listing-source=\"repeater\" data-listing-id=\"408\" data-query-id=\"\"><div class=\"jet-listing-grid__item jet-listing-dynamic-post-1124\" data-post-id=\"1124\"  >\t\t<div data-elementor-type=\"jet-listing-items\" data-elementor-id=\"408\" class=\"elementor elementor-408\" data-elementor-post-type=\"jet-engine\">\n\t\t\t\t<div class=\"elementor-element elementor-element-326954f e-con-full e-flex e-con e-parent\" data-id=\"326954f\" data-element_type=\"container\" data-e-type=\"container\" data-settings=\"{&quot;jet_parallax_layout_list&quot;:[]}\">\n\t\t\t\t<div class=\"elementor-element elementor-element-3b0c224 elementor-widget__width-inherit elementor-widget elementor-widget-jet-listing-dynamic-field\" data-id=\"3b0c224\" data-element_type=\"widget\" data-e-type=\"widget\" data-widget_type=\"jet-listing-dynamic-field.default\">\n\t\t\t\t\t<div class=\"jet-listing jet-listing-dynamic-field display-inline\"><div class=\"jet-listing-dynamic-field__inline-wrap\"><div class=\"jet-listing-dynamic-field__content\" >Weather Conditions and Safety<\/div><\/div><\/div>\t\t\t\t<\/div>\n\t\t<div class=\"elementor-element elementor-element-c4db0ff e-con-full e-flex e-con e-child\" data-id=\"c4db0ff\" data-element_type=\"container\" data-e-type=\"container\" data-settings=\"{&quot;jet_parallax_layout_list&quot;:[]}\">\n\t\t\t\t<div class=\"elementor-element elementor-element-89ade54 elementor-view-default elementor-widget elementor-widget-icon\" data-id=\"89ade54\" data-element_type=\"widget\" data-e-type=\"widget\" data-widget_type=\"icon.default\">\n\t\t\t\t\t\t\t<div class=\"elementor-icon-wrapper\">\n\t\t\t<div class=\"elementor-icon\">\n\t\t\t<svg xmlns=\"http:\/\/www.w3.org\/2000\/svg\" width=\"20\" height=\"20\" viewBox=\"0 0 20 20\" fill=\"none\"><path d=\"M15.8156 9.84636L4.69186 0.576553C4.52751 0.43959 4.29186 0.62155 4.38279 0.815206L8.65574 9.91499C8.68102 9.96884 8.68102 10.0312 8.65574 10.085L4.38279 19.1848C4.29186 19.3785 4.52751 19.5604 4.69186 19.4234L15.8156 10.1536C15.9116 10.0737 15.9116 9.92632 15.8156 9.84636Z\" fill=\"#E7AC66\"><\/path><\/svg>\t\t\t<\/div>\n\t\t<\/div>\n\t\t\t\t\t\t<\/div>\n\t\t\t\t<div class=\"elementor-element elementor-element-13f3845 elementor-widget elementor-widget-jet-listing-dynamic-field\" data-id=\"13f3845\" data-element_type=\"widget\" data-e-type=\"widget\" data-widget_type=\"jet-listing-dynamic-field.default\">\n\t\t\t\t\t<div class=\"jet-listing jet-listing-dynamic-field display-inline\"><div class=\"jet-listing-dynamic-field__inline-wrap\"><div class=\"jet-listing-dynamic-field__content\" ><p>Our mobile service is available year-round, but to guarantee high-quality repairs, the temperature must be at least 10 \u00b0C and it must not be raining.<br> These conditions are essential to ensure the repair resin sets properly.<br> If the weather isn\u2019t suitable, we\u2019ll gladly schedule an appointment at one of our service centres near you.  <\/p>\n<\/div><\/div><\/div>\t\t\t\t<\/div>\n\t\t\t\t<\/div>\n\t\t\t\t<\/div>\n\t\t\t\t<\/div>\n\t\t<\/div><div class=\"jet-listing-grid__item jet-listing-dynamic-post-1124\" data-post-id=\"1124\"  >\t\t<div data-elementor-type=\"jet-listing-items\" data-elementor-id=\"408\" class=\"elementor elementor-408\" data-elementor-post-type=\"jet-engine\">\n\t\t\t\t<div class=\"elementor-element elementor-element-326954f e-con-full e-flex e-con e-parent\" data-id=\"326954f\" data-element_type=\"container\" data-e-type=\"container\" data-settings=\"{&quot;jet_parallax_layout_list&quot;:[]}\">\n\t\t\t\t<div class=\"elementor-element elementor-element-3b0c224 elementor-widget__width-inherit elementor-widget elementor-widget-jet-listing-dynamic-field\" data-id=\"3b0c224\" data-element_type=\"widget\" data-e-type=\"widget\" data-widget_type=\"jet-listing-dynamic-field.default\">\n\t\t\t\t\t<div class=\"jet-listing jet-listing-dynamic-field display-inline\"><div class=\"jet-listing-dynamic-field__inline-wrap\"><div class=\"jet-listing-dynamic-field__content\" >Service Area and Availability<\/div><\/div><\/div>\t\t\t\t<\/div>\n\t\t<div class=\"elementor-element elementor-element-c4db0ff e-con-full e-flex e-con e-child\" data-id=\"c4db0ff\" data-element_type=\"container\" data-e-type=\"container\" data-settings=\"{&quot;jet_parallax_layout_list&quot;:[]}\">\n\t\t\t\t<div class=\"elementor-element elementor-element-89ade54 elementor-view-default elementor-widget elementor-widget-icon\" data-id=\"89ade54\" data-element_type=\"widget\" data-e-type=\"widget\" data-widget_type=\"icon.default\">\n\t\t\t\t\t\t\t<div class=\"elementor-icon-wrapper\">\n\t\t\t<div class=\"elementor-icon\">\n\t\t\t<svg xmlns=\"http:\/\/www.w3.org\/2000\/svg\" width=\"20\" height=\"20\" viewBox=\"0 0 20 20\" fill=\"none\"><path d=\"M15.8156 9.84636L4.69186 0.576553C4.52751 0.43959 4.29186 0.62155 4.38279 0.815206L8.65574 9.91499C8.68102 9.96884 8.68102 10.0312 8.65574 10.085L4.38279 19.1848C4.29186 19.3785 4.52751 19.5604 4.69186 19.4234L15.8156 10.1536C15.9116 10.0737 15.9116 9.92632 15.8156 9.84636Z\" fill=\"#E7AC66\"><\/path><\/svg>\t\t\t<\/div>\n\t\t<\/div>\n\t\t\t\t\t\t<\/div>\n\t\t\t\t<div class=\"elementor-element elementor-element-13f3845 elementor-widget elementor-widget-jet-listing-dynamic-field\" data-id=\"13f3845\" data-element_type=\"widget\" data-e-type=\"widget\" data-widget_type=\"jet-listing-dynamic-field.default\">\n\t\t\t\t\t<div class=\"jet-listing jet-listing-dynamic-field display-inline\"><div class=\"jet-listing-dynamic-field__inline-wrap\"><div class=\"jet-listing-dynamic-field__content\" ><p>We serve Gatineau and the surrounding areas, including Aylmer, Chelsea, Val-des-Monts, Buckingham, and more nearby communities.<br>Our mobile service is free within our local area, while a small travel fee may apply for locations outside this zone.<br>We also offer weekend appointments and flexible hours to better accommodate your schedule.  <\/p>\n<\/div><\/div><\/div>\t\t\t\t<\/div>\n\t\t\t\t<\/div>\n\t\t\t\t<\/div>\n\t\t\t\t<\/div>\n\t\t<\/div><div class=\"jet-listing-grid__item jet-listing-dynamic-post-1124\" data-post-id=\"1124\"  >\t\t<div data-elementor-type=\"jet-listing-items\" data-elementor-id=\"408\" class=\"elementor elementor-408\" data-elementor-post-type=\"jet-engine\">\n\t\t\t\t<div class=\"elementor-element elementor-element-326954f e-con-full e-flex e-con e-parent\" data-id=\"326954f\" data-element_type=\"container\" data-e-type=\"container\" data-settings=\"{&quot;jet_parallax_layout_list&quot;:[]}\">\n\t\t\t\t<div class=\"elementor-element elementor-element-3b0c224 elementor-widget__width-inherit elementor-widget elementor-widget-jet-listing-dynamic-field\" data-id=\"3b0c224\" data-element_type=\"widget\" data-e-type=\"widget\" data-widget_type=\"jet-listing-dynamic-field.default\">\n\t\t\t\t\t<div class=\"jet-listing jet-listing-dynamic-field display-inline\"><div class=\"jet-listing-dynamic-field__inline-wrap\"><div class=\"jet-listing-dynamic-field__content\" >Why Choose Vitres D\u2019Auto Express?<\/div><\/div><\/div>\t\t\t\t<\/div>\n\t\t<div class=\"elementor-element elementor-element-c4db0ff e-con-full e-flex e-con e-child\" data-id=\"c4db0ff\" data-element_type=\"container\" data-e-type=\"container\" data-settings=\"{&quot;jet_parallax_layout_list&quot;:[]}\">\n\t\t\t\t<div class=\"elementor-element elementor-element-89ade54 elementor-view-default elementor-widget elementor-widget-icon\" data-id=\"89ade54\" data-element_type=\"widget\" data-e-type=\"widget\" data-widget_type=\"icon.default\">\n\t\t\t\t\t\t\t<div class=\"elementor-icon-wrapper\">\n\t\t\t<div class=\"elementor-icon\">\n\t\t\t<svg xmlns=\"http:\/\/www.w3.org\/2000\/svg\" width=\"20\" height=\"20\" viewBox=\"0 0 20 20\" fill=\"none\"><path d=\"M15.8156 9.84636L4.69186 0.576553C4.52751 0.43959 4.29186 0.62155 4.38279 0.815206L8.65574 9.91499C8.68102 9.96884 8.68102 10.0312 8.65574 10.085L4.38279 19.1848C4.29186 19.3785 4.52751 19.5604 4.69186 19.4234L15.8156 10.1536C15.9116 10.0737 15.9116 9.92632 15.8156 9.84636Z\" fill=\"#E7AC66\"><\/path><\/svg>\t\t\t<\/div>\n\t\t<\/div>\n\t\t\t\t\t\t<\/div>\n\t\t\t\t<div class=\"elementor-element elementor-element-13f3845 elementor-widget elementor-widget-jet-listing-dynamic-field\" data-id=\"13f3845\" data-element_type=\"widget\" data-e-type=\"widget\" data-widget_type=\"jet-listing-dynamic-field.default\">\n\t\t\t\t\t<div class=\"jet-listing jet-listing-dynamic-field display-inline\"><div class=\"jet-listing-dynamic-field__inline-wrap\"><div class=\"jet-listing-dynamic-field__content\" ><p>With Vitres D\u2019Auto Express, you benefit from a reliable, fast, and professional service tailored to your needs.<br> Our technicians travel with everything required to complete the job on-site.   Vous pourrez ainsi retrouver votre v\u00e9hicule rapidement, sans perte de temps ni d\u00e9placement suppl\u00e9mentaire.<\/p>\n<p>Contact Us Now!<br>To schedule your mobile repair or windshield replacement service, contact us at 819-230-5508.<br> We\u2019re here to provide you with fast, high-quality service \u2014 directly at your doorstep.<br>Conclusion of the page <\/p>\n<\/div><\/div><\/div>\t\t\t\t<\/div>\n\t\t\t\t<\/div>\n\t\t\t\t<\/div>\n\t\t\t\t<\/div>\n\t\t<\/div><\/div><\/div>\t\t\t\t<\/div>\n\t\t\t\t<\/div>\n\t\t\t\t<\/div>\n\t\t\t\t\t<\/div>\n\t\t\t\t<\/div>\n\t\t\t\t<\/div>\n\t\t","protected":false},"excerpt":{"rendered":"<p>No data was found<\/p>\n","protected":false},"author":1,"featured_media":1111,"parent":1103,"menu_order":0,"comment_status":"closed","ping_status":"closed","template":"","meta":{"footnotes":""},"class_list":["post-1124","page","type-page","status-publish","has-post-thumbnail","hentry"],"_links":{"self":[{"href":"https:\/\/vitresautoexpress.com\/en\/wp-json\/wp\/v2\/pages\/1124","targetHints":{"allow":["GET"]}}],"collection":[{"href":"https:\/\/vitresautoexpress.com\/en\/wp-json\/wp\/v2\/pages"}],"about":[{"href":"https:\/\/vitresautoexpress.com\/en\/wp-json\/wp\/v2\/types\/page"}],"author":[{"embeddable":true,"href":"https:\/\/vitresautoexpress.com\/en\/wp-json\/wp\/v2\/users\/1"}],"replies":[{"embeddable":true,"href":"https:\/\/vitresautoexpress.com\/en\/wp-json\/wp\/v2\/comments?post=1124"}],"version-history":[{"count":1,"href":"https:\/\/vitresautoexpress.com\/en\/wp-json\/wp\/v2\/pages\/1124\/revisions"}],"predecessor-version":[{"id":1125,"href":"https:\/\/vitresautoexpress.com\/en\/wp-json\/wp\/v2\/pages\/1124\/revisions\/1125"}],"up":[{"embeddable":true,"href":"https:\/\/vitresautoexpress.com\/en\/wp-json\/wp\/v2\/pages\/1103"}],"wp:featuredmedia":[{"embeddable":true,"href":"https:\/\/vitresautoexpress.com\/en\/wp-json\/wp\/v2\/media\/1111"}],"wp:attachment":[{"href":"https:\/\/vitresautoexpress.com\/en\/wp-json\/wp\/v2\/media?parent=1124"}],"curies":[{"name":"wp","href":"https:\/\/api.w.org\/{rel}","templated":true}]}}